{"id":246,"date":"2025-04-16T16:34:39","date_gmt":"2025-04-16T14:34:39","guid":{"rendered":"https:\/\/www.toutfeutoutflamme.net\/?page_id=246"},"modified":"2025-04-16T16:34:39","modified_gmt":"2025-04-16T14:34:39","slug":"mentions-legales-cgv","status":"publish","type":"page","link":"https:\/\/www.toutfeutoutflamme.net\/index.php\/mentions-legales-cgv\/","title":{"rendered":"Mentions l\u00e9gales CGV"},"content":{"rendered":"<p>[et_pb_section fb_built=\u00a0\u00bb1&Prime; theme_builder_area=\u00a0\u00bbpost_content\u00a0\u00bb _builder_version=\u00a0\u00bb4.27.4&Prime; _module_preset=\u00a0\u00bbdefault\u00a0\u00bb][et_pb_row _builder_version=\u00a0\u00bb4.27.4&Prime; _module_preset=\u00a0\u00bbdefault\u00a0\u00bb theme_builder_area=\u00a0\u00bbpost_content\u00a0\u00bb][et_pb_column _builder_version=\u00a0\u00bb4.27.4&Prime; _module_preset=\u00a0\u00bbdefault\u00a0\u00bb type=\u00a0\u00bb4_4&Prime; theme_builder_area=\u00a0\u00bbpost_content\u00a0\u00bb][et_pb_text _builder_version=\u00a0\u00bb4.27.4&Prime; _module_preset=\u00a0\u00bbdefault\u00a0\u00bb theme_builder_area=\u00a0\u00bbpost_content\u00a0\u00bb hover_enabled=\u00a0\u00bb0&Prime; sticky_enabled=\u00a0\u00bb0&Prime;]<\/p>\n<p><span style=\"color: #3d311b;\"><span style=\"font-family: Source Sans Pro, sans-serif;\"><span style=\"font-size: x-large;\"><b>Mentions l\u00e9gales<\/b><\/span><\/span><\/span><\/p>\n<p><span style=\"color: #3d311b;\"><span style=\"font-family: Source Sans Pro, sans-serif;\"><span style=\"font-size: medium;\">Le site www.toutfeutoutflamme.net est produit par la soci\u00e9t\u00e9 JYR DISTRIBUTION SARL au capital de 7.600 \u20ac, immatricul\u00e9e au Registre du Commerce et des Soci\u00e9t\u00e9s de Roubaix\u00a0\/Tourcoing sous le num\u00e9ro RCS 389\u00a0063\u00a0538\u00a0000 26 dont le si\u00e8ge social est situ\u00e9 au 131, rue du flocon 59200 Tourcoing.<\/span><\/span><\/span><\/p>\n<p><span style=\"color: #3d311b;\"><span style=\"font-family: Source Sans Pro, sans-serif;\"><span style=\"font-size: medium;\">Ce site ne collecte aucune information. Ce site n\u2019utilise pas de cookies.<\/span><\/span><\/span><\/p>\n<p><span style=\"color: #3d311b;\"><span style=\"font-family: Source Sans Pro, sans-serif;\"><span style=\"font-size: medium;\">L\u2019ensemble des informations pr\u00e9sentes sur ce site peuvent \u00eatre t\u00e9l\u00e9charg\u00e9es, reproduites, imprim\u00e9es sous r\u00e9serve de :<br \/>n\u2019utiliser de telles informations qu\u2019\u00e0 des fins personnelles et en aucune mani\u00e8re \u00e0 des fins commerciales. <\/span><\/span><\/span><\/p>\n<p><span style=\"color: #3d311b;\"><span style=\"font-family: Source Sans Pro, sans-serif;\"><span style=\"font-size: medium;\">Les informations pr\u00e9sentes sur ce site sont donn\u00e9es \u00e0 titre informative. Elles peuvent \u00e9voluer en fonction de corrections ou de mises \u00e0 jour effectu\u00e9es par nos soins.<\/span><\/span><\/span><\/p>\n<p><span style=\"color: #3d311b;\"><span style=\"font-family: Source Sans Pro, sans-serif;\"><span style=\"font-size: medium;\">TOUT FEU TOUT FLAMME se r\u00e9serve le droit de modifier \u00e0 tout moment les pr\u00e9sentes informations notamment en actualisant ce site.<\/span><\/span><\/span><\/p>\n<p><span style=\"color: #3d311b;\"><span style=\"font-family: Source Sans Pro, sans-serif;\"><span style=\"font-size: medium;\">Les liens hypertextes pointant sur notre site sont de la responsabilit\u00e9 des auteurs des sites utilisant un lien hypertexte en direction de notre site. Nous ne pouvons \u00eatre tenu pour responsable du contenu ou des propos tenus sur ces sites tiers.<\/span><\/span><\/span><\/p>\n<p><span style=\"color: #3d311b;\"><span style=\"font-family: Source Sans Pro, sans-serif;\"><span style=\"font-size: medium;\">Raison Sociale\u00a0: SARL JYR DISTRIBUTION, 131 rue du flocon 59200 Tourcoing<\/span><\/span><\/span><\/p>\n<p><span style=\"color: #3d311b;\"><span style=\"font-family: Source Sans Pro, sans-serif;\"><span style=\"font-size: medium;\">Capital social\u00a0: 7.600 \u20ac<\/span><\/span><\/span><\/p>\n<p><span style=\"color: #3d311b;\"><span style=\"font-family: Source Sans Pro, sans-serif;\"><span style=\"font-size: medium;\">Adresse du si\u00e8ge\u00a0: 131, rue du flocon 59200 Tourcoing<\/span><\/span><\/span><\/p>\n<p><span style=\"color: #3d311b;\"><span style=\"font-family: Source Sans Pro, sans-serif;\"><span style=\"font-size: medium;\">RCS\u00a0: 389\u00a0063\u00a0538\u00a0000 26 RBX\/TG<\/span><\/span><\/span><\/p>\n<p><span style=\"color: #3d311b;\"><span style=\"font-family: Source Sans Pro, sans-serif;\"><span style=\"font-size: medium;\">Nom du directeur de la publication\u00a0: Jacques-Yves Roussel<\/span><\/span><\/span><\/p>\n<p><a name=\"_GoBack\"><\/a> <span style=\"color: #3d311b;\"><span style=\"font-family: Source Sans Pro, sans-serif;\"><span style=\"font-size: medium;\">Coordonn\u00e9es de l\u2019h\u00e9bergeur\u00a0: OVH, <\/span><\/span><\/span><span style=\"color: #222222;\"><span style=\"font-family: Arial, sans-serif;\"><span style=\"font-size: small;\"><span>2 Rue Kellermann, 59100 Roubaix<\/span><\/span><\/span><\/span><\/p>\n<p>&nbsp;<\/p>\n<p><span style=\"color: #3d311b;\"><span style=\"font-family: Source Sans Pro, sans-serif;\"><span style=\"font-size: large;\"><b>Conditions g\u00e9n\u00e9rales des ventes<\/b><\/span><\/span><\/span><\/p>\n<p><span style=\"color: #3d311b;\"><span style=\"font-family: Source Sans Pro, sans-serif;\"><span style=\"font-size: medium;\">Le fait de passer commande implique l\u2019adh\u00e9sion enti\u00e8re et sans r\u00e9serve de l\u2019acheteur \u00e0 ces conditions g\u00e9n\u00e9rales de vente.<br \/>Toute condition contraire pos\u00e9e par l\u2019acheteur sera donc, \u00e0 d\u00e9faut d\u2019acceptation expresse, inopposable au vendeur quel que soit le moment o\u00f9 elle aura pu \u00eatre port\u00e9e \u00e0 sa connaissance. Le fait que le vendeur ne se pr\u00e9vale pas \u00e0 un moment donn\u00e9 de l\u2019une des quelconques pr\u00e9sentes conditions g\u00e9n\u00e9rales de vente, ne peut \u00eatre interpr\u00e9t\u00e9 comme valant renonciation \u00e0 se pr\u00e9valoir ult\u00e9rieurement de l\u2019une quelconque desdites conditions.<\/span><\/span><\/span><\/p>\n<p><span style=\"color: #3d311b;\"><span style=\"font-family: Source Sans Pro, sans-serif;\"><span style=\"font-size: medium;\">Les photos des plats et recettes pr\u00e9sentes sur se site ne sont pas contractuelles.<\/span><\/span><\/span><\/p>\n<p><span style=\"color: #3d311b;\"><span style=\"font-family: Source Sans Pro, sans-serif;\"><span style=\"font-size: medium;\">Les commandes et informations \u00e9nonc\u00e9es par l\u2019acheteur, lors de la prise de commande engagent celui-ci : en cas d\u2019erreur dans le libell\u00e9 des coordonn\u00e9es du destinataire, le vendeur ne saurait \u00eatre tenu responsable de l\u2019impossibilit\u00e9 dans laquelle il serait dans l\u2019incapacit\u00e9 de livrer le produit et\/ou de lui d\u00e9livrer en vente \u00e0 emporter ou en livraison les produits n\u2019ayant pas \u00e9t\u00e9 correctement command\u00e9s.<\/span><\/span><\/span><\/p>\n<p><span style=\"color: #3d311b;\"><span style=\"font-family: Source Sans Pro, sans-serif;\"><span style=\"font-size: medium;\">Au moment de la commande, l\u2019acheteur est invit\u00e9 \u00e0 se reporter au descriptif de chaque produit pour en conna\u00eetre les caract\u00e9ristiques pr\u00e9cises. <\/span><\/span><\/span><\/p>\n<p><span style=\"color: #3d311b;\"><span style=\"font-family: Source Sans Pro, sans-serif;\"><span style=\"font-size: medium;\">Les commandes sont d\u00e9finitives au moment de la prise de commande.<\/span><\/span><\/span><\/p>\n<p><span style=\"color: #3d311b;\"><span style=\"font-family: Source Sans Pro, sans-serif;\"><span style=\"font-size: medium;\">Apr\u00e8s livraison et\/ou retrait en magasin, toute modification ou r\u00e9solution de la commande par l\u2019acheteur ne peut \u00eatre prise en consid\u00e9ration et le prix vers\u00e9 ne sera pas rembours\u00e9.<\/span><\/span><\/span><\/p>\n<p><span style=\"color: #3d311b;\"><span style=\"font-family: Source Sans Pro, sans-serif;\"><span style=\"font-size: medium;\">L\u2019entreprise ne pourra en aucun reprendre la marchandise pour des raisons sanitaires.<\/span><\/span><\/span><\/p>\n<p><span style=\"color: #3d311b;\"><span style=\"font-family: Source Sans Pro, sans-serif;\"><span style=\"font-size: medium;\">Les offres de produit sont valables dans la limite des stocks disponibles. Le vendeur ne peut \u00eatre retenu pour responsable en cas de rupture d\u2019un ou de plusieurs produits.<\/span><\/span><\/span><\/p>\n<p><span style=\"color: #3d311b;\"><span style=\"font-family: Source Sans Pro, sans-serif;\"><span style=\"font-size: medium;\">La livraison est effectu\u00e9e selon un p\u00e9rim\u00e8tre \u00e9tabli (Tourcoing centre-ville \/ Flocon \/ Blanc seau \/ Mouvaux. Tout autre secteur est exclu. Les d\u00e9lais de livraison ou de retrait sont donn\u00e9s \u00e0 titre indicatif, ils ne peuvent donner lieu \u00e0 de d\u00e9dommagements en cas de non-respect.<\/span><\/span><\/span><\/p>\n<p><span style=\"color: #3d311b;\"><span style=\"font-family: Source Sans Pro, sans-serif;\"><span style=\"font-size: medium;\">Nous pouvons sans pr\u00e9avis refuser les ventes (\u00e0 emporter ou en livraisons \u00e0 domicile) en cas de force majeure. Nous ne pourrions \u00eatre tenu responsable cela les cas suivants.<\/span><\/span><\/span><\/p>\n<p><span style=\"color: #3d311b;\"><span style=\"font-family: Source Sans Pro, sans-serif;\"><span style=\"font-size: medium;\">Mise en danger de nos personnels, l\u2019\u00e9meute, l\u2019incendie, les gr\u00e8ves, les accidents, agression (verbale ou physique).<\/span><\/span><\/span><\/p>\n<p><span style=\"color: #3d311b;\"><span style=\"font-family: Source Sans Pro, sans-serif;\"><span style=\"font-size: medium;\">Nous pouvons \u00e9galement suspendre la livraison \u00e0 domicile en raison de contraintes m\u00e9t\u00e9orologiques extr\u00eames pouvant mettre en danger notre personnel (temp\u00eate, fortes pluies, neige, verglas\u2026)<\/span><\/span><\/span><\/p>\n<p><span style=\"color: #3d311b;\"><span style=\"font-family: Source Sans Pro, sans-serif;\"><span style=\"font-size: medium;\">Nous nous r\u00e9servons le droit de suspendre ou d\u2019annuler toute commande et\/ou livraison, en cas de non-paiement de toute somme qui serait due par l\u2019Acheteur ou en cas d\u2019incident de paiement.<\/span><\/span><\/span><\/p>\n<p><span style=\"color: #3d311b;\"><span style=\"font-family: Source Sans Pro, sans-serif;\"><span style=\"font-size: medium;\">Le paiement des commandes s\u2019effectue comptant lors de la prise de la commande.<\/span><\/span><\/span><\/p>\n<p><span style=\"color: #3d311b;\"><span style=\"font-family: Source Sans Pro, sans-serif;\"><span style=\"font-size: medium;\">Le r\u00e8glement par virement pour entreprise ne sera accept\u00e9 qu\u2019apr\u00e8s accord de notre entreprise.<\/span><\/span><\/span><\/p>\n<p>[\/et_pb_text][\/et_pb_column][\/et_pb_row][\/et_pb_section]<\/p>\n","protected":false},"excerpt":{"rendered":"<p>Mentions l\u00e9gales Le site www.toutfeutoutflamme.net est produit par la soci\u00e9t\u00e9 JYR DISTRIBUTION SARL au capital de 7.600 \u20ac, immatricul\u00e9e au Registre du Commerce et des Soci\u00e9t\u00e9s de Roubaix\u00a0\/Tourcoing sous le num\u00e9ro RCS 389\u00a0063\u00a0538\u00a0000 26 dont le si\u00e8ge social est situ\u00e9 au 131, rue du flocon 59200 Tourcoing. Ce site ne collecte aucune information. Ce site [&hellip;]<\/p>\n","protected":false},"author":1,"featured_media":0,"parent":0,"menu_order":0,"comment_status":"closed","ping_status":"closed","template":"","meta":{"_et_pb_use_builder":"on","_et_pb_old_content":"","_et_gb_content_width":"","footnotes":""},"class_list":["post-246","page","type-page","status-publish","hentry"],"_links":{"self":[{"href":"https:\/\/www.toutfeutoutflamme.net\/index.php\/wp-json\/wp\/v2\/pages\/246","targetHints":{"allow":["GET"]}}],"collection":[{"href":"https:\/\/www.toutfeutoutflamme.net\/index.php\/wp-json\/wp\/v2\/pages"}],"about":[{"href":"https:\/\/www.toutfeutoutflamme.net\/index.php\/wp-json\/wp\/v2\/types\/page"}],"author":[{"embeddable":true,"href":"https:\/\/www.toutfeutoutflamme.net\/index.php\/wp-json\/wp\/v2\/users\/1"}],"replies":[{"embeddable":true,"href":"https:\/\/www.toutfeutoutflamme.net\/index.php\/wp-json\/wp\/v2\/comments?post=246"}],"version-history":[{"count":2,"href":"https:\/\/www.toutfeutoutflamme.net\/index.php\/wp-json\/wp\/v2\/pages\/246\/revisions"}],"predecessor-version":[{"id":248,"href":"https:\/\/www.toutfeutoutflamme.net\/index.php\/wp-json\/wp\/v2\/pages\/246\/revisions\/248"}],"wp:attachment":[{"href":"https:\/\/www.toutfeutoutflamme.net\/index.php\/wp-json\/wp\/v2\/media?parent=246"}],"curies":[{"name":"wp","href":"https:\/\/api.w.org\/{rel}","templated":true}]}}